{"id":157,"date":"2014-12-02T16:03:16","date_gmt":"2014-12-02T15:03:16","guid":{"rendered":"https:\/\/aldv.ovh\/aldv\/?page_id=157"},"modified":"2018-03-20T17:17:45","modified_gmt":"2018-03-20T16:17:45","slug":"reactions-commentaires","status":"publish","type":"page","link":"https:\/\/aldv.ovh\/?page_id=157","title":{"rendered":"R\u00e9actions &#038; Commentaires"},"content":{"rendered":"Vous devez \u00eatre connect\u00e9 pour voir ce contenu.","protected":false},"excerpt":{"rendered":"Vous devez \u00eatre connect\u00e9 pour voir ce contenu.","protected":false},"author":1,"featured_media":0,"parent":0,"menu_order":0,"comment_status":"open","ping_status":"closed","template":"","meta":[],"_links":{"self":[{"href":"https:\/\/aldv.ovh\/index.php?rest_route=\/wp\/v2\/pages\/157"}],"collection":[{"href":"https:\/\/aldv.ovh\/index.php?rest_route=\/wp\/v2\/pages"}],"about":[{"href":"https:\/\/aldv.ovh\/index.php?rest_route=\/wp\/v2\/types\/page"}],"author":[{"embeddable":true,"href":"https:\/\/aldv.ovh\/index.php?rest_route=\/wp\/v2\/users\/1"}],"replies":[{"embeddable":true,"href":"https:\/\/aldv.ovh\/index.php?rest_route=%2Fwp%2Fv2%2Fcomments&post=157"}],"version-history":[{"count":0,"href":"https:\/\/aldv.ovh\/index.php?rest_route=\/wp\/v2\/pages\/157\/revisions"}],"wp:attachment":[{"href":"https:\/\/aldv.ovh\/index.php?rest_route=%2Fwp%2Fv2%2Fmedia&parent=157"}],"curies":[{"name":"wp","href":"https:\/\/api.w.org\/{rel}","templated":true}]}}