{"id":26,"date":"2014-11-19T19:50:17","date_gmt":"2014-11-19T18:50:17","guid":{"rendered":"https:\/\/aldv.ovh\/aldv\/?page_id=26"},"modified":"2018-04-07T09:01:58","modified_gmt":"2018-04-07T07:01:58","slug":"liens","status":"publish","type":"page","link":"https:\/\/aldv.ovh\/?page_id=26","title":{"rendered":"Liens"},"content":{"rendered":"<h3><span style=\"font-size: 14pt;\"><a href=\"http:\/\/www.ffrandonnee.fr\/\" target=\"_blank\" rel=\"noopener\">F\u00e9d\u00e9ration Fran\u00e7aise de la Randonn\u00e9e P\u00e9destre<\/a><\/span><\/h3>\n<h3><span style=\"font-size: 14pt;\"><a href=\"http:\/\/www.rando84.com\/\" target=\"_blank\" rel=\"noopener\">Comit\u00e9 D\u00e9partemental de la Randonn\u00e9e P\u00e9destre\u00a0 de Vaucluse<\/a><\/span><\/h3>\n<p>&nbsp;<\/p>\n<p>&nbsp;<\/p>\n","protected":false},"excerpt":{"rendered":"<p>F\u00e9d\u00e9ration Fran\u00e7aise de la Randonn\u00e9e P\u00e9destre Comit\u00e9 D\u00e9partemental de la Randonn\u00e9e P\u00e9destre\u00a0 de Vaucluse &nbsp; &nbsp;<\/p>\n","protected":false},"author":1,"featured_media":0,"parent":0,"menu_order":0,"comment_status":"closed","ping_status":"closed","template":"","meta":[],"_links":{"self":[{"href":"https:\/\/aldv.ovh\/index.php?rest_route=\/wp\/v2\/pages\/26"}],"collection":[{"href":"https:\/\/aldv.ovh\/index.php?rest_route=\/wp\/v2\/pages"}],"about":[{"href":"https:\/\/aldv.ovh\/index.php?rest_route=\/wp\/v2\/types\/page"}],"author":[{"embeddable":true,"href":"https:\/\/aldv.ovh\/index.php?rest_route=\/wp\/v2\/users\/1"}],"replies":[{"embeddable":true,"href":"https:\/\/aldv.ovh\/index.php?rest_route=%2Fwp%2Fv2%2Fcomments&post=26"}],"version-history":[{"count":0,"href":"https:\/\/aldv.ovh\/index.php?rest_route=\/wp\/v2\/pages\/26\/revisions"}],"wp:attachment":[{"href":"https:\/\/aldv.ovh\/index.php?rest_route=%2Fwp%2Fv2%2Fmedia&parent=26"}],"curies":[{"name":"wp","href":"https:\/\/api.w.org\/{rel}","templated":true}]}}