{"id":507,"date":"2015-11-14T10:00:50","date_gmt":"2015-11-14T09:00:50","guid":{"rendered":"https:\/\/aldv.ovh\/?page_id=507"},"modified":"2025-09-27T08:23:03","modified_gmt":"2025-09-27T06:23:03","slug":"bulletin-adhesion","status":"publish","type":"page","link":"https:\/\/aldv.ovh\/?page_id=507","title":{"rendered":"Bulletin Adh\u00e9sion"},"content":{"rendered":"<p>Si vous souhaitez adh\u00e9rer \u00e0 notre association, compl\u00e9tez ce\u00a0 <a href=\"https:\/\/aldv.ovh\/wp-content\/uploads\/2025\/09\/bulletin-dinscription-2025-2026.pdf\"><span style=\"font-size: 14pt;\">bulletin d&rsquo;a<\/span><span style=\"font-size: 14pt;\">dh\u00e9sion<\/span><\/a> et apr\u00e8s l&rsquo;avoir imprim\u00e9, retournez-le, avec votre ch\u00e8que de r\u00e8glement \u00e9tabli \u00e0 l&rsquo;ordre de l&rsquo; A.L.D.V, au secr\u00e9taire:<\/p>\n<p><strong>Mr. Jean-Pierre PERRET<\/strong><br \/>\n<strong>47 Bd Jacques Monod<\/strong><br \/>\n<strong>84000 AVIGNON<\/strong><\/p>\n<p><strong>06 03 04 14 41\u00a0\u00a0\u00a0 &#8211; \u00a0 04 90 82 46 44 <\/strong><\/p>\n<p><strong>Adresse courriel:\u00a0 jean-pierre.perret.com@wanadoo.fr<\/strong><\/p>\n<div>\n<p>Cotisation annuelle pour saison 2025-2026 :<\/p>\n<p>&#8211; Adh\u00e9sion individuelle,, compris licence FFRP avec assurance IRA :\u2026\u2026&#8230;&#8230;45\u20ac<\/p>\n<p>&#8211; dito, si adh\u00e9rent a 80 ans ou plus, au cours de la saison\u2026\u2026\u2026\u2026\u2026\u2026\u2026\u2026.14,15\u20ac<\/p>\n<p>&#8211; Adh\u00e9sion individuelle, si licenci\u00e9 FFRP par ailleurs :\u2026\u2026\u2026\u2026\u2026\u2026\u2026\u2026\u2026\u202622\u20ac<\/p>\n<p>&#8211; Je d\u00e9sire recevoir \u00ab\u00a0RANDO PASSION\u00a0\u00bb\u00a0:\u00a0 OUI\u2026\u2026\u2026NON\u2026\u2026\u2026\u2026\u2026\u2026\u2026\u2026 <u>10\u20ac<\/u><\/p>\n<p>Total :\u2026\u2026\u2026\u2026..\u20ac<\/p>\n<p>&nbsp;<\/p>\n<p><em>Il faut joindre ou apporter d\u00e8s la premi\u00e8re randonn\u00e9e\u00a0:<\/em><\/p>\n<p><em>&#8211; 3 enveloppes timbr\u00e9es pour pli de moins de 100g (<strong>si vous n\u2019avez pas d\u2019adresse courriel)<\/strong><\/em><\/p>\n<p><em>&#8211; un certificat m\u00e9dical datant de moins de 6 mois, pr\u00e9cisant que vous ne pr\u00e9sentez pas de\u00a0 \u00a0 \u00a0 \u00a0 <\/em><em>\u00a0 \u00a0contre-indication apparente \u00e0 la pratique de la randonn\u00e9e p\u00e9destre.<\/em><\/p>\n<\/div>\n<div><\/div>\n<p style=\"text-align: center;\"><a href=\"https:\/\/aldv.ovh\/wp-content\/uploads\/2025\/09\/bulletin-dinscription-2025-2026.pdf\"><span style=\"font-size: 14pt;\"><strong>\u00a0bulletin d&rsquo;adh\u00e9sion<\/strong><\/span><\/a><\/p>\n<div style=\"text-align: center;\" data-canvas-width=\"159.7633333333333\">&#8230;&#8230;&#8230;&#8230;&#8230;&#8230;..<\/div>\n","protected":false},"excerpt":{"rendered":"<p>Si vous souhaitez adh\u00e9rer \u00e0 notre association, compl\u00e9tez ce\u00a0 bulletin d&rsquo;adh\u00e9sion et apr\u00e8s l&rsquo;avoir imprim\u00e9, retournez-le, avec votre ch\u00e8que de r\u00e8glement \u00e9tabli \u00e0 l&rsquo;ordre de l&rsquo; A.L.D.V, au secr\u00e9taire: Mr. Jean-Pierre PERRET 47 Bd Jacques Monod 84000 AVIGNON 06 03 04 14 41\u00a0\u00a0\u00a0 &#8211; \u00a0 04 90 82 46 44 Adresse courriel:\u00a0 jean-pierre.perret.com@wanadoo.fr Cotisation annuelle &hellip; <a href=\"https:\/\/aldv.ovh\/?page_id=507\" class=\"more-link\">Continuer la lecture de <span class=\"screen-reader-text\">Bulletin Adh\u00e9sion<\/span> <span class=\"meta-nav\">&rarr;<\/span><\/a><\/p>\n","protected":false},"author":1,"featured_media":0,"parent":10,"menu_order":0,"comment_status":"closed","ping_status":"closed","template":"","meta":[],"_links":{"self":[{"href":"https:\/\/aldv.ovh\/index.php?rest_route=\/wp\/v2\/pages\/507"}],"collection":[{"href":"https:\/\/aldv.ovh\/index.php?rest_route=\/wp\/v2\/pages"}],"about":[{"href":"https:\/\/aldv.ovh\/index.php?rest_route=\/wp\/v2\/types\/page"}],"author":[{"embeddable":true,"href":"https:\/\/aldv.ovh\/index.php?rest_route=\/wp\/v2\/users\/1"}],"replies":[{"embeddable":true,"href":"https:\/\/aldv.ovh\/index.php?rest_route=%2Fwp%2Fv2%2Fcomments&post=507"}],"version-history":[{"count":22,"href":"https:\/\/aldv.ovh\/index.php?rest_route=\/wp\/v2\/pages\/507\/revisions"}],"predecessor-version":[{"id":3537,"href":"https:\/\/aldv.ovh\/index.php?rest_route=\/wp\/v2\/pages\/507\/revisions\/3537"}],"up":[{"embeddable":true,"href":"https:\/\/aldv.ovh\/index.php?rest_route=\/wp\/v2\/pages\/10"}],"wp:attachment":[{"href":"https:\/\/aldv.ovh\/index.php?rest_route=%2Fwp%2Fv2%2Fmedia&parent=507"}],"curies":[{"name":"wp","href":"https:\/\/api.w.org\/{rel}","templated":true}]}}