{"id":83,"date":"2014-11-26T17:16:00","date_gmt":"2014-11-26T16:16:00","guid":{"rendered":"https:\/\/aldv.ovh\/aldv\/?page_id=83"},"modified":"2015-11-22T18:03:48","modified_gmt":"2015-11-22T17:03:48","slug":"status","status":"publish","type":"page","link":"https:\/\/aldv.ovh\/?page_id=83","title":{"rendered":"Statuts"},"content":{"rendered":"<p><span style=\"font-size: 14pt;\"><strong>ALDV\u00a0\u00a0\u00a0\u00a0\u00a0\u00a0\u00a0\u00a0\u00a0\u00a0\u00a0\u00a0\u00a0\u00a0\u00a0\u00a0\u00a0\u00a0\u00a0\u00a0\u00a0\u00a0\u00a0\u00a0\u00a0\u00a0\u00a0\u00a0\u00a0\u00a0\u00a0\u00a0\u00a0\u00a0\u00a0\u00a0\u00a0\u00a0\u00a0\u00a0\u00a0\u00a0\u00a0\u00a0\u00a0\u00a0\u00a0\u00a0\u00a0 Association Loisirs D\u00e9tente de Vaucluse<\/strong><\/span><\/p>\n<p><span style=\"font-size: 12pt;\"><strong>S T A T U T S<\/strong><\/span><\/p>\n<p><span style=\"font-size: 12pt;\">ARTICLE 1<\/span><br \/>\n<span style=\"font-size: 12pt;\"> Il est constitu\u00e9 \u00e0 AVIGNON, sous le nom de \u00ab\u00a0ASSOCIATION LOISIRS DETENTE DE VAUCLUSE, une association d\u00e9clar\u00e9e, plac\u00e9e sous le r\u00e9gime de la loi du 1er Juillet 1901<\/span><br \/>\n<span style=\"font-size: 12pt;\"> Sa dur\u00e9e est illimit\u00e9e<\/span><\/p>\n<p><span style=\"font-size: 12pt;\">ARTICLE 2<\/span><br \/>\n<span style=\"font-size: 12pt;\"> L&rsquo;association a pour but d\u2019offrir \u00e0 ses adh\u00e9rents, dans les meilleures conditions, des activit\u00e9s de loisirs et de d\u00e9tente (loisirs sportifs, voyages et sorties\u2026.)<\/span><\/p>\n<p><span style=\"font-size: 12pt;\">ARTICLE 3<\/span><br \/>\n<span style=\"font-size: 12pt;\"> L\u2019association est compos\u00e9e de membres actifs et de membres d\u2019honneur. Peuvent faire partie de l\u2019association toutes les personnes qui le d\u00e9sirent.<\/span><\/p>\n<p><span style=\"font-size: 12pt;\">ARTICLE 4<\/span><br \/>\n<span style=\"font-size: 12pt;\"> Le si\u00e8ge de l\u2019association est situ\u00e9:<\/span><br \/>\n<span style=\"font-size: 12pt;\"> xxxxxxxxxxxxxx<\/span><br \/>\n<span style=\"font-size: 12pt;\"> xxxxxxxxxxxxxxxxxx<\/span><br \/>\n<span style=\"font-size: 12pt;\"> xxxxxxxxxxxxxxxxxxxxxxxx<\/span><\/p>\n<p><span style=\"font-size: 12pt;\">ARTICLE 5<\/span><br \/>\n<span style=\"font-size: 12pt;\"> Les ressources de l\u2019association comprennent:<\/span><br \/>\n<span style=\"font-size: 12pt;\"> a) Les adh\u00e9sions<\/span><br \/>\n<span style=\"font-size: 12pt;\"> b} les b\u00e9n\u00e9fices des Lotos, souscription, ventes, etc &#8230;<\/span><br \/>\n<span style=\"font-size: 12pt;\"> c) Les subventions<\/span><br \/>\n<span style=\"font-size: 12pt;\"> d} Les dons.<\/span><\/p>\n<p><span style=\"font-size: 12pt;\">ARTICLE 6<\/span><br \/>\n<span style=\"font-size: 12pt;\"> La qualit\u00e9 de membre de l\u2019association se perd en cas de d\u00e9mission.<\/span><\/p>\n<p><span style=\"font-size: 12pt;\">ARTICLE 7<\/span><\/p>\n<p><span style=\"font-size: 12pt;\">CONSEIL D\u2019ADMINISTRATION<\/span><br \/>\n<span style=\"font-size: 12pt;\"> L\u2019association est dirig\u00e9e par un conseil de cinq \u00e0 dix membres, \u00e9lus pour un an, par l\u2019assembl\u00e9e G\u00e9n\u00e9rale. Les membres sont r\u00e9\u00e9ligibles.<\/span><br \/>\n<span style=\"font-size: 12pt;\"> Le Conseil d\u2019Administration choisit parmi ses membres un bureau compos\u00e9 au moins de:<\/span><br \/>\n<span style=\"font-size: 12pt;\"> &#8211; un Pr\u00e9sident<\/span><br \/>\n<span style=\"font-size: 12pt;\"> &#8211; un Vice Pr\u00e9sident<\/span><br \/>\n<span style=\"font-size: 12pt;\"> &#8211; un Secr\u00e9taire<\/span><br \/>\n<span style=\"font-size: 12pt;\"> &#8211; un Tr\u00e9sorier.<\/span><br \/>\n<span style=\"font-size: 12pt;\"> En cas de vacances, le Conseil pourvoit provisoirement au remplacement de ses membres. Il est proc\u00e9d\u00e9 \u00e0 leur remplacement d\u00e9finitif lors de l\u2019Assembl\u00e9e G\u00e9n\u00e9rale la plus proche.<\/span><br \/>\n<span style=\"font-size: 12pt;\"> Les pouvoirs des membres ainsi \u00e9lus prennent fin \u00e0 l\u2019\u00e9poque o\u00f9 devrait normalement expirer le mandat des membres remplac\u00e9s.<\/span><\/p>\n<p><span style=\"font-size: 12pt;\">ARTICLE 8<\/span><br \/>\n<span style=\"font-size: 12pt;\"> Le Conseil d\u2019Administration se r\u00e9unit tous les trois mois, il d\u00e9cide des mesures \u00e0 prendre et de leur ex\u00e9cution.<\/span><\/p>\n<p><span style=\"font-size: 12pt;\">ARTICLE 9<\/span><br \/>\n<span style=\"font-size: 12pt;\"> Les membres du Conseil d\u2019Administration ne peuvent recevoir aucune r\u00e9tribution en raison des fonctions qui leur sont confi\u00e9es. Les frais qu\u2019ils pourraient supporter \u00e0 l\u2019occasion des missions confi\u00e9es par le Conseil d\u2019Administration leur seront rembours\u00e9s.<\/span><\/p>\n<p><span style=\"font-size: 12pt;\">ARTICLE 10<\/span><br \/>\n<span style=\"font-size: 12pt;\"> Un Commissaire aux Comptes est nomm\u00e9 par l\u2019Assembl\u00e9e G\u00e9n\u00e9rale.<\/span><br \/>\n<span style=\"font-size: 12pt;\"> Il est charg\u00e9 du contr\u00f4le de la gestion et des comptes tenus par le tr\u00e9sorier<\/span><\/p>\n<p><span style=\"font-size: 12pt;\">ARTICLE 11<\/span><br \/>\n<span style=\"font-size: 12pt;\"> Le tr\u00e9sorier assure la gestion financi\u00e8re de l\u2019Association, g\u00e8re les fonds, effectue les d\u00e9penses courantes et pr\u00e9sente le bilan en fin d\u2019ann\u00e9e.<\/span><\/p>\n<p><span style=\"font-size: 12pt;\">ARTICLE 12<\/span><br \/>\n<span style=\"font-size: 12pt;\"> Les d\u00e9cisions sont prises par la majorit\u00e9 des membres pr\u00e9sents.<\/span><\/p>\n<p><span style=\"font-size: 12pt;\">ARTICLE 13<\/span><\/p>\n<p><span style=\"font-size: 12pt;\">LES ASSEMBLEES GENERALES<\/span><br \/>\n<span style=\"font-size: 12pt;\"> Composition<\/span><br \/>\n<span style=\"font-size: 12pt;\"> L\u2019assembl\u00e9e g\u00e9n\u00e9rale comprend tous les membres de l\u2019association; les membres peuvent s\u2019y faire repr\u00e9senter dans la limite de deux pouvoirs par personne physique pr\u00e9sente.<\/span><br \/>\n<span style=\"font-size: 12pt;\"> Est \u00e9lecteur tout membre \u00e2g\u00e9 de seize ans au moins et \u00e0 jour de ses cotisations. Le vote par procuration est autoris\u00e9, mais le vote par correspondance n\u2019est pas admis.<\/span><\/p>\n<p><span style=\"font-size: 12pt;\">R\u00e9unions<\/span><br \/>\n<span style=\"font-size: 12pt;\"> L\u2019assembl\u00e9e g\u00e9n\u00e9rale se r\u00e9unit statutairement au moins une fois par an; elle est en outre convoqu\u00e9e par le Conseil d\u2019Administration ou le Pr\u00e9sident. A d\u00e9faut, elle se r\u00e9unit sur la demande d\u2019un quart de ses membres ou du commissaire aux comptes.<\/span><\/p>\n<p><span style=\"font-size: 12pt;\">Convocation<\/span><br \/>\n<span style=\"font-size: 12pt;\"> La convocation est adress\u00e9e 15 jours \u00e0 l\u2019avance, par lettre individuelle. Elle doit pr\u00e9ciser le jour, l\u2019heure, le lieu et l\u2019ordre du jour fix\u00e9 par le conseil d\u2019administration, \u00e9ventuellement appel \u00e0 candidature.<\/span><\/p>\n<p><span style=\"font-size: 12pt;\">Quorum<\/span><br \/>\n<span style=\"font-size: 12pt;\"> La pr\u00e9sence d\u2019un quart des membres est n\u00e9cessaire pour la validit\u00e9 des d\u00e9lib\u00e9rations. Si cette proportion n\u2019est pas atteinte, l\u2019assembl\u00e9e est convoqu\u00e9e de nouveau mais \u00e0 six jours au moins d\u2019intervalle (15 au plus), elle peut alors valablement d\u00e9lib\u00e9rer sur le m\u00eame ordre du jour quelque soit le nombre des membres pr\u00e9sents sans condition se quorum.<\/span><\/p>\n<p><span style=\"font-size: 12pt;\">D\u00e9lib\u00e9ration<\/span><br \/>\n<span style=\"font-size: 12pt;\"> Son bureau est celui du conseil d\u2019administration. Elle d\u00e9lib\u00e8re sur les rapports relatifs \u00e0 la gestion du conseil d\u2019administration et \u00e0 la situation morale et financi\u00e8re de l\u2019association. Elle pourvoit au renouvellement des membres du conseil d\u2019administration dans les conditions fix\u00e9es par les articles 7 et 8. Elle se prononce sous r\u00e9serve des approbations n\u00e9cessaires, sur les modifications des statuts.<\/span><br \/>\n<span style=\"font-size: 12pt;\"> Elle nomme les repr\u00e9sentants de l\u2019association \u00e0 l\u2019assembl\u00e9e g\u00e9n\u00e9rale des comit\u00e9s d\u00e9partementaux, r\u00e9gionaux et \u00e0 celle de la f\u00e9d\u00e9ration \u00e0 laquelle l\u2019association est affili\u00e9e.<\/span><\/p>\n<p><span style=\"font-size: 12pt;\">Proc\u00e8s-verbal<\/span><br \/>\n<span style=\"font-size: 12pt;\"> Les d\u00e9lib\u00e9rations de l\u2019assembl\u00e9e g\u00e9n\u00e9rale sont constat\u00e9es par un proc\u00e8s-verbal sign\u00e9 par le Pr\u00e9sident et le secr\u00e9taire. Le proc\u00e8s-verbal et les documents sont conserv\u00e9s au si\u00e8ge de l\u2019association. Des copies de ce proc\u00e8s-verbal et des documents qui y sont annex\u00e9s sont communiqu\u00e9s \u00e0 leur demande \u00e0 la f\u00e9d\u00e9ration sportive dont est membre l\u2019association et au minist\u00e8re charg\u00e9 des sports (DDJS)<\/span><\/p>\n<p><span style=\"font-size: 12pt;\">D\u00e9signation du commissaire aux comptes<\/span><br \/>\n<span style=\"font-size: 12pt;\"> L\u2019assembl\u00e9e g\u00e9n\u00e9rale d\u00e9signe au moins un commissaire aux comptes charg\u00e9 de remplir la mission qui lui est confi\u00e9e<\/span><\/p>\n<p><span style=\"font-size: 12pt;\">Assembl\u00e9e g\u00e9n\u00e9rale extraordinaire<\/span><br \/>\n<span style=\"font-size: 12pt;\"> Si besoin est ou sur demande de la moiti\u00e9 des membres inscrits, le Pr\u00e9sident peut convoquer une assembl\u00e9e g\u00e9n\u00e9rale extraordinaire<\/span><\/p>\n<p><span style=\"font-size: 12pt;\">ARTICLE 14<\/span><br \/>\n<span style=\"font-size: 12pt;\"> DISSOLUTION<\/span><br \/>\n<span style=\"font-size: 12pt;\"> En cas de dissolution de l\u2019Association, qui doit \u00eatre prononc\u00e9e par le 1\/3 de ses membres, les fonds qui pourraient \u00eatre d\u00e9tenus seraient vers\u00e9s \u00e0 des associations aux buts analogues<\/span><br \/>\n<span style=\"font-size: 12pt;\"> La dissolution doit \u00eatre signal\u00e9e \u00e0 la Pr\u00e9fecture de VAUCLUSE<\/span><\/p>\n<p><span style=\"font-size: 12pt;\">SIGNATURE DU PRESIDENT SIGNATURE DU SECRETAIRE<\/span><\/p>\n<hr \/>\n<p>&nbsp;<\/p>\n<h4><\/h4>\n","protected":false},"excerpt":{"rendered":"<p>ALDV\u00a0\u00a0\u00a0\u00a0\u00a0\u00a0\u00a0\u00a0\u00a0\u00a0\u00a0\u00a0\u00a0\u00a0\u00a0\u00a0\u00a0\u00a0\u00a0\u00a0\u00a0\u00a0\u00a0\u00a0\u00a0\u00a0\u00a0\u00a0\u00a0\u00a0\u00a0\u00a0\u00a0\u00a0\u00a0\u00a0\u00a0\u00a0\u00a0\u00a0\u00a0\u00a0\u00a0\u00a0\u00a0\u00a0\u00a0\u00a0\u00a0 Association Loisirs D\u00e9tente de Vaucluse S T A T U T S ARTICLE 1 Il est constitu\u00e9 \u00e0 AVIGNON, sous le nom de \u00ab\u00a0ASSOCIATION LOISIRS DETENTE DE VAUCLUSE, une association d\u00e9clar\u00e9e, plac\u00e9e sous le r\u00e9gime de la loi du 1er Juillet 1901 Sa dur\u00e9e est illimit\u00e9e ARTICLE 2 L&rsquo;association a pour but d\u2019offrir \u00e0 &hellip; <a href=\"https:\/\/aldv.ovh\/?page_id=83\" class=\"more-link\">Continuer la lecture de <span class=\"screen-reader-text\">Statuts<\/span> <span class=\"meta-nav\">&rarr;<\/span><\/a><\/p>\n","protected":false},"author":1,"featured_media":0,"parent":10,"menu_order":0,"comment_status":"closed","ping_status":"open","template":"","meta":[],"_links":{"self":[{"href":"https:\/\/aldv.ovh\/index.php?rest_route=\/wp\/v2\/pages\/83"}],"collection":[{"href":"https:\/\/aldv.ovh\/index.php?rest_route=\/wp\/v2\/pages"}],"about":[{"href":"https:\/\/aldv.ovh\/index.php?rest_route=\/wp\/v2\/types\/page"}],"author":[{"embeddable":true,"href":"https:\/\/aldv.ovh\/index.php?rest_route=\/wp\/v2\/users\/1"}],"replies":[{"embeddable":true,"href":"https:\/\/aldv.ovh\/index.php?rest_route=%2Fwp%2Fv2%2Fcomments&post=83"}],"version-history":[{"count":1,"href":"https:\/\/aldv.ovh\/index.php?rest_route=\/wp\/v2\/pages\/83\/revisions"}],"predecessor-version":[{"id":2595,"href":"https:\/\/aldv.ovh\/index.php?rest_route=\/wp\/v2\/pages\/83\/revisions\/2595"}],"up":[{"embeddable":true,"href":"https:\/\/aldv.ovh\/index.php?rest_route=\/wp\/v2\/pages\/10"}],"wp:attachment":[{"href":"https:\/\/aldv.ovh\/index.php?rest_route=%2Fwp%2Fv2%2Fmedia&parent=83"}],"curies":[{"name":"wp","href":"https:\/\/api.w.org\/{rel}","templated":true}]}}