{"id":86,"date":"2014-11-26T17:17:08","date_gmt":"2014-11-26T16:17:08","guid":{"rendered":"https:\/\/aldv.ovh\/aldv\/?page_id=86"},"modified":"2026-04-23T15:28:43","modified_gmt":"2026-04-23T13:28:43","slug":"comptes-rendus-ca","status":"publish","type":"page","link":"https:\/\/aldv.ovh\/?page_id=86","title":{"rendered":"Comptes Rendus  CA &#8211; AG"},"content":{"rendered":"<p><a href=\"https:\/\/aldv.ovh\/wp-content\/uploads\/2026\/04\/cr-ca-du-2026.04.21.pdf\"><span style=\"color: #ff0000;\"><strong><span style=\"font-family: 'comic sans ms', sans-serif; font-size: 14pt;\">Compte rendu du Conseil d&rsquo;Administration du 21.04.2026<\/span><\/strong><\/span><\/a><\/p>\n<p><a href=\"https:\/\/aldv.ovh\/wp-content\/uploads\/2026\/01\/pv-ca-2026.01.21.pdf\"><span style=\"color: #ff0000; font-family: 'comic sans ms', sans-serif; font-size: 14pt;\"><strong>Compte\u00a0 rendu du Conseil d&rsquo;Administration du 21.01.2026<\/strong><\/span><\/a><\/p>\n<p><a href=\"https:\/\/aldv.ovh\/wp-content\/uploads\/2026\/01\/pv-ag-du-22.11.2025.pdf\"><strong><span style=\"font-family: 'comic sans ms', sans-serif; font-size: 14pt; color: #339966;\">Proc\u00e8s verbal de l&rsquo;Assembl\u00e9e G\u00e9n\u00e9rale annuelle du 22.11.2025<\/span><\/strong><\/a><\/p>\n<p><a href=\"https:\/\/aldv.ovh\/wp-content\/uploads\/2025\/09\/cr-ca-du-25.09.2025.pdf\"><strong><span style=\"font-family: 'comic sans ms', sans-serif; font-size: 14pt;\">compte rendu du Conseil d&rsquo;Administration du 25.09.2025<\/span><\/strong><\/a><\/p>\n<p><a href=\"https:\/\/aldv.ovh\/wp-content\/uploads\/2025\/04\/cr-ca-du-17.04.2025.pdf\"><span style=\"color: #ff0000;\"><strong><span style=\"font-family: 'comic sans ms', sans-serif; font-size: 14pt;\">Compte rendu du Conseil d&rsquo;Administration du 17.04.2025<\/span><\/strong><\/span><\/a><\/p>\n<p><a href=\"https:\/\/aldv.ovh\/wp-content\/uploads\/2025\/01\/crca-du-2025.01.20.pdf\"><span style=\"color: #ff0000;\"><strong><span style=\"font-family: 'comic sans ms', sans-serif; font-size: 14pt;\">Compte rendu du Conseil d&rsquo;Administration du 20.01.2025<\/span><\/strong><\/span><\/a><\/p>\n<p><a href=\"https:\/\/aldv.ovh\/wp-content\/uploads\/2024\/11\/pv-ag-du-23.11.2024.pdf\"><span style=\"color: #339966;\"><strong><span style=\"font-family: 'comic sans ms', sans-serif; font-size: 14pt;\">Proc\u00e8s verbal de l&rsquo;Assembl\u00e9e G\u00e9n\u00e9rale annuelle du 23.11.2024<\/span><\/strong><\/span><\/a><\/p>\n<p><a href=\"https:\/\/aldv.ovh\/wp-content\/uploads\/2024\/08\/cr-ca-2024.08.23.pdf\"><span style=\"font-family: 'comic sans ms', sans-serif; font-size: 14pt; color: #ff0000;\"><strong>Compte rendu du Conseil d&rsquo;Administration du 23.08.2024<\/strong><\/span><\/a><\/p>\n<p><a href=\"https:\/\/aldv.ovh\/wp-content\/uploads\/2024\/04\/crca-du-2024.04.03mod1.pdf\"><span style=\"color: #ff0000; font-family: 'comic sans ms', sans-serif; font-size: 14pt;\"><strong>Compte rendu du Conseil d&rsquo;Administration du 03.04.2024<\/strong><\/span><\/a><\/p>\n<p><a href=\"https:\/\/aldv.ovh\/wp-content\/uploads\/2024\/01\/cr-ca-du-2024.01.11.pdf\"><span style=\"color: #ff0000;\"><strong><span style=\"font-family: 'comic sans ms', sans-serif; font-size: 14pt;\">Compte rendu du Conseil d&rsquo;Administration du 11.01.2024<\/span><\/strong><\/span><\/a><\/p>\n<p><a href=\"https:\/\/aldv.ovh\/wp-content\/uploads\/2023\/11\/pv-ag-2023-def.pdf\"><span style=\"color: #339966; font-family: 'comic sans ms', sans-serif; font-size: 14pt;\"><strong>Proc\u00e8s verbal de l&rsquo;Assembl\u00e9e G\u00e9n\u00e9rale Annuelle du 04.11.2023<\/strong><\/span><\/a><\/p>\n<p><a href=\"https:\/\/aldv.ovh\/wp-content\/uploads\/2023\/08\/cr-ca-du-2023.03.28.pdf\"><strong><span style=\"font-family: 'comic sans ms', sans-serif; font-size: 14pt;\">Compte rendu du Conseil d&rsquo;Administration du 24.08.2023<\/span><\/strong><\/a><\/p>\n<p><a href=\"https:\/\/aldv.ovh\/wp-content\/uploads\/2023\/03\/cr-ca-du-2023.03.28.pdf\"><span style=\"color: #ff0000; font-family: 'comic sans ms', sans-serif; font-size: 14pt;\"><strong>Compte rendu du Conseil d&rsquo;Administration du 28.03.2023<\/strong><\/span><\/a><\/p>\n<p><a href=\"https:\/\/aldv.ovh\/wp-content\/uploads\/2023\/01\/cr-ca-du-2023.01.05.pdf\"><span style=\"color: #ff0000;\"><strong><span style=\"font-family: 'comic sans ms', sans-serif; font-size: 14pt;\">Compte rendu du Conseil d&rsquo;Administration du 05.01.2023<\/span><\/strong><\/span><\/a><\/p>\n<p><a href=\"https:\/\/aldv.ovh\/wp-content\/uploads\/2022\/12\/Scan-pv-ag.pdf\"><span style=\"font-family: 'comic sans ms', sans-serif; font-size: 14pt; color: #339966;\"><strong>Proc\u00e8s verbal de l&rsquo;Assembl\u00e9e G\u00e9n\u00e9rale Annuelle du 26.11.2022<\/strong><\/span><\/a><\/p>\n<p><a href=\"https:\/\/aldv.ovh\/wp-content\/uploads\/2022\/08\/cr-ca-du-2022.08.25.pdf\"><span style=\"color: #ff0000;\"><strong><span style=\"font-family: 'comic sans ms', sans-serif; font-size: 14pt;\">Compte rendu du Conseil d&rsquo;Administration du 25.08.2022<\/span><\/strong><\/span><\/a><\/p>\n<p><a href=\"https:\/\/aldv.ovh\/wp-content\/uploads\/2022\/04\/cr-ca-22.04.07.pdf\"><span style=\"color: #ff0000; font-family: 'comic sans ms', sans-serif; font-size: 14pt;\"><strong>Compte rendu du Conseil d&rsquo;Administration du 07.04.2022<\/strong><\/span><\/a><\/p>\n<p><a href=\"https:\/\/aldv.ovh\/wp-content\/uploads\/2022\/01\/cr-ca-du-2022.01.13.pdf\"><span style=\"font-family: 'comic sans ms', sans-serif; font-size: 14pt; color: #ff0000;\"><strong>Compte rendu du Conseil d&rsquo;Administration du 13.01.2022<\/strong><\/span><\/a><\/p>\n<p><a href=\"https:\/\/aldv.ovh\/wp-content\/uploads\/2021\/12\/pv-ag-du-20.11.2021.pdf\"><span style=\"color: #339966; font-family: 'comic sans ms', sans-serif; font-size: 14pt;\"><strong>Proc\u00e8s verbal de l&rsquo;Assembl\u00e9e G\u00e9n\u00e9rale Annuelle du 20.11.2021<\/strong><\/span><\/a><\/p>\n<p><a href=\"https:\/\/aldv.ovh\/wp-content\/uploads\/2021\/09\/cr-ca-du-30.08.2021.pdf\"><span style=\"font-family: 'comic sans ms', sans-serif; color: #ff0000; font-size: 14pt;\"><strong>Compte rendu du Conseil d&rsquo;Administration du 30.08.2021\u00a0<\/strong><\/span><\/a><\/p>\n<p><a href=\"https:\/\/aldv.ovh\/wp-content\/uploads\/2021\/04\/pv-ag-du-08.04.2021.pdf\"><span style=\"font-family: 'comic sans ms', sans-serif; font-size: 14pt;\"><strong><span style=\"color: #339966;\">Proc\u00e8s verbal de l&rsquo;Assembl\u00e9e G\u00e9n\u00e9rale Annuelle du 08.04.2021<\/span><\/strong><\/span><\/a><\/p>\n<p><a href=\"https:\/\/aldv.ovh\/wp-content\/uploads\/2021\/01\/cr-ca-2021.01.07.pdf\"><span style=\"color: #ff0000;\"><strong><span style=\"font-family: 'comic sans ms', sans-serif; font-size: 14pt;\">Compte rendu du Conseil d&rsquo;Administration du 07.01.2021<\/span><\/strong><\/span><\/a><\/p>\n<p><a href=\"https:\/\/aldv.ovh\/wp-content\/uploads\/2020\/09\/cr-ca-du-2020.09.03.pdf\"><strong><span style=\"font-family: 'comic sans ms', sans-serif; font-size: 14pt; color: #ff0000;\">Compte rendu du Conseil d&rsquo;Administration du 03.09.2020<\/span><\/strong><\/a><\/p>\n<p><a href=\"https:\/\/aldv.ovh\/wp-content\/uploads\/2020\/05\/cr-ca-du-2020.05.12.pdf\"><strong><span style=\"color: #ff0000; font-family: comic sans ms,sans-serif; font-size: 14pt;\">Compte rendu du Conseil d&rsquo;Administration du 12.05.2020<\/span><\/strong><\/a><\/p>\n<p><a href=\"https:\/\/aldv.ovh\/wp-content\/uploads\/2020\/01\/cr-ca-du-2020.01.16.pdf\"><span style=\"color: #ff0000; font-family: comic sans ms,sans-serif;\"><strong><span style=\"font-size: 14pt;\">Compte rendu du Conseil d&rsquo;Administration du 16.01.2020<\/span><\/strong><\/span><\/a><\/p>\n<p><span style=\"font-family: 'comic sans ms', sans-serif; color: #339966;\"><a style=\"color: #339966;\" href=\"https:\/\/aldv.ovh\/wp-content\/uploads\/2019\/11\/PV-AG-du-23.11.2019.pdf\"><strong><span style=\"font-size: 14pt;\">Proc\u00e8s Verbal de l&rsquo;Assembl\u00e9e G\u00e9n\u00e9rale Annuelle du 23.11.2019<\/span><\/strong><\/a><\/span><\/p>\n<p>&nbsp;<\/p>\n<p>&nbsp;<\/p>\n","protected":false},"excerpt":{"rendered":"<p>Compte rendu du Conseil d&rsquo;Administration du 21.04.2026 Compte\u00a0 rendu du Conseil d&rsquo;Administration du 21.01.2026 Proc\u00e8s verbal de l&rsquo;Assembl\u00e9e G\u00e9n\u00e9rale annuelle du 22.11.2025 compte rendu du Conseil d&rsquo;Administration du 25.09.2025 Compte rendu du Conseil d&rsquo;Administration du 17.04.2025 Compte rendu du Conseil d&rsquo;Administration du 20.01.2025 Proc\u00e8s verbal de l&rsquo;Assembl\u00e9e G\u00e9n\u00e9rale annuelle du 23.11.2024 Compte rendu du Conseil &hellip; <a href=\"https:\/\/aldv.ovh\/?page_id=86\" class=\"more-link\">Continuer la lecture de <span class=\"screen-reader-text\">Comptes Rendus  CA &#8211; AG<\/span> <span class=\"meta-nav\">&rarr;<\/span><\/a><\/p>\n","protected":false},"author":1,"featured_media":0,"parent":10,"menu_order":0,"comment_status":"closed","ping_status":"open","template":"","meta":[],"_links":{"self":[{"href":"https:\/\/aldv.ovh\/index.php?rest_route=\/wp\/v2\/pages\/86"}],"collection":[{"href":"https:\/\/aldv.ovh\/index.php?rest_route=\/wp\/v2\/pages"}],"about":[{"href":"https:\/\/aldv.ovh\/index.php?rest_route=\/wp\/v2\/types\/page"}],"author":[{"embeddable":true,"href":"https:\/\/aldv.ovh\/index.php?rest_route=\/wp\/v2\/users\/1"}],"replies":[{"embeddable":true,"href":"https:\/\/aldv.ovh\/index.php?rest_route=%2Fwp%2Fv2%2Fcomments&post=86"}],"version-history":[{"count":41,"href":"https:\/\/aldv.ovh\/index.php?rest_route=\/wp\/v2\/pages\/86\/revisions"}],"predecessor-version":[{"id":3689,"href":"https:\/\/aldv.ovh\/index.php?rest_route=\/wp\/v2\/pages\/86\/revisions\/3689"}],"up":[{"embeddable":true,"href":"https:\/\/aldv.ovh\/index.php?rest_route=\/wp\/v2\/pages\/10"}],"wp:attachment":[{"href":"https:\/\/aldv.ovh\/index.php?rest_route=%2Fwp%2Fv2%2Fmedia&parent=86"}],"curies":[{"name":"wp","href":"https:\/\/api.w.org\/{rel}","templated":true}]}}